{"id":4022,"date":"2021-06-17T13:27:39","date_gmt":"2021-06-17T13:36:01","guid":{"rendered":"https:\/\/equuscura.dk\/?post_type=product&#038;p=4022"},"modified":"2021-07-13T13:20:07","modified_gmt":"2021-07-13T13:20:07","slug":"sommerpaket-bei-waschen-und-juckreiz","status":"publish","type":"product","link":"https:\/\/equuscura.dk\/de\/vare\/sommerpaket-bei-waschen-und-juckreiz\/","title":{"rendered":"Sommerpaket &#8211; Bei Waschen und Juckreiz"},"content":{"rendered":"<h2>Sommerpaket &#8211; Bei Waschen und Juckreiz<\/h2>\n<p>Leckeres Paket f\u00fcr das Pferd bestehend aus unseren beiden Sommer-Bestsellern!<\/p>\n<p>Das Paket enth\u00e4lt unser beliebtes Pferdeshampoo CURA No. 1, die bis zu 70% Aloe Vera enth\u00e4lt, die Juckreiz, Reizungen und trockene Haut nach dem Waschen pflegt und reduziert. Dar\u00fcber hinaus versorgt es das Pferdefell mit viel Feuchtigkeit und N\u00e4hrstoffen und macht es weich und gl\u00e4nzend.<\/p>\n<p>SHIELD ist ein einzigartiges Produkt, das Krallen deutlich reduziert. Das Produkt wurde f\u00fcr Sommerekzeme und \u00e4hnliche Reizungen wie Juckreiz entwickelt. Das Produkt wird direkt in M\u00e4hne und Schweif gespr\u00fcht oder an die Stellen, an denen das Pferd juckt. Der Effekt ist schnell sichtbar. F\u00fcr eine optimale Wirkung muss das Produkt t\u00e4glich angewendet werden.<\/p>\n","protected":false},"excerpt":{"rendered":"<p>Sommerpaket f\u00fcr das Pferd, das ein strahlend sauberes und gepflegtes Pferd bietet, ohne Irritationen und Juckreiz &#8211; Schenken Sie Ihrem Pferd einen stressfreien Sommer!<\/p>\n","protected":false},"featured_media":4018,"template":"","meta":[],"product_brand":[],"product_cat":[29],"product_tag":[],"class_list":{"0":"post-4022","1":"product","2":"type-product","3":"status-publish","4":"has-post-thumbnail","6":"product_cat-produkte","8":"first","9":"instock","10":"sale","11":"taxable","12":"shipping-taxable","13":"purchasable","14":"product-type-simple"},"_links":{"self":[{"href":"https:\/\/equuscura.dk\/de\/wp-json\/wp\/v2\/product\/4022","targetHints":{"allow":["GET"]}}],"collection":[{"href":"https:\/\/equuscura.dk\/de\/wp-json\/wp\/v2\/product"}],"about":[{"href":"https:\/\/equuscura.dk\/de\/wp-json\/wp\/v2\/types\/product"}],"wp:featuredmedia":[{"embeddable":true,"href":"https:\/\/equuscura.dk\/de\/wp-json\/wp\/v2\/media\/4018"}],"wp:attachment":[{"href":"https:\/\/equuscura.dk\/de\/wp-json\/wp\/v2\/media?parent=4022"}],"wp:term":[{"taxonomy":"product_brand","embeddable":true,"href":"https:\/\/equuscura.dk\/de\/wp-json\/wp\/v2\/product_brand?post=4022"},{"taxonomy":"product_cat","embeddable":true,"href":"https:\/\/equuscura.dk\/de\/wp-json\/wp\/v2\/product_cat?post=4022"},{"taxonomy":"product_tag","embeddable":true,"href":"https:\/\/equuscura.dk\/de\/wp-json\/wp\/v2\/product_tag?post=4022"}],"curies":[{"name":"wp","href":"https:\/\/api.w.org\/{rel}","templated":true}]}}