{"id":2810,"date":"2021-02-09T19:14:57","date_gmt":"2021-02-09T19:17:15","guid":{"rendered":"https:\/\/equuscura.dk\/?post_type=product&#038;p=2810"},"modified":"2021-04-26T09:08:14","modified_gmt":"2021-04-26T09:08:14","slug":"wettkampfpolo-mit-steinen-und-logo-auf-der-rueckseite","status":"publish","type":"product","link":"https:\/\/equuscura.dk\/de\/vare\/wettkampfpolo-mit-steinen-und-logo-auf-der-rueckseite\/","title":{"rendered":"Wettkampfpolo mit Steinen und Logo auf der R\u00fcckseite"},"content":{"rendered":"<h2>Wettkampfpolo mit Steinen und Logo auf der R\u00fcckseite<\/h2>\n<p>Sch\u00f6nes Wettkampfpolo mit Kragen und Steinen sowie einem wei\u00dfen Logo auf der R\u00fcckseite.<\/p>\n<p>Die Farbe hat Beige- und Olivgr\u00fcnt\u00f6ne.<\/p>\n<p>Geformtes Polo mit hohem Kragen mit R\u00fcschen und Steinen. Perfekt f\u00fcr den Einsatz unter der Wettkampfjacke oder als allt\u00e4gliches Trainingspolo. Das gro\u00dfe Equus Cura-Logo schm\u00fcckt den R\u00fccken und bietet gute Sichtbarkeit.<\/p>\n<p>Dieses Wettkampfpolo hat mehrfach an Ausstellungen und Messen teilgenommen und muss daher gewaschen werden. Dar\u00fcber hinaus gibt es kleine Verf\u00e4rbungen durch die Sonne, weshalb der Preis besonders niedrig eingestellt ist. Dies f\u00e4llt Ihnen jedoch auf den ersten Blick nicht auf.<\/p>\n<p>&nbsp;<\/p>\n<p>Haben Sie ein Shirt, auf das Sie ein Logo sticken oder drucken m\u00f6chten? Dann k\u00f6nnen Sie uns kontaktieren und erfahren, ob Ihre Ausr\u00fcstung mit unserem Logo bestickt werden kann. Wir zahlen die Kosten f\u00fcr Stickerei oder Druck, wenn Sie den Artikel liefern.<\/p>\n<p>Bitte beachten Sie, dass das Ger\u00e4t neu sein muss, bevor es gestickt werden kann. Wir sponsern haupts\u00e4chlich Logos auf Wettkampfkleidung f\u00fcr Pferde und Reiter.<\/p>\n","protected":false},"excerpt":{"rendered":"<p>Wettkampfpolo in Beige \/ Olivgr\u00fcn<\/p>\n<p>Wurde ausgestellt, braucht daher eine W\u00e4sche &#8211; daher der Preis.<\/p>\n","protected":false},"featured_media":0,"template":"","meta":[],"product_brand":[],"product_cat":[15],"product_tag":[],"class_list":{"0":"post-2810","1":"product","2":"type-product","3":"status-publish","5":"product_cat-produkter","6":"pa_variant-str-m","7":"pa_variant-str-xl","9":"first","10":"instock","11":"taxable","12":"shipping-taxable","13":"product-type-variable"},"_links":{"self":[{"href":"https:\/\/equuscura.dk\/de\/wp-json\/wp\/v2\/product\/2810","targetHints":{"allow":["GET"]}}],"collection":[{"href":"https:\/\/equuscura.dk\/de\/wp-json\/wp\/v2\/product"}],"about":[{"href":"https:\/\/equuscura.dk\/de\/wp-json\/wp\/v2\/types\/product"}],"wp:attachment":[{"href":"https:\/\/equuscura.dk\/de\/wp-json\/wp\/v2\/media?parent=2810"}],"wp:term":[{"taxonomy":"product_brand","embeddable":true,"href":"https:\/\/equuscura.dk\/de\/wp-json\/wp\/v2\/product_brand?post=2810"},{"taxonomy":"product_cat","embeddable":true,"href":"https:\/\/equuscura.dk\/de\/wp-json\/wp\/v2\/product_cat?post=2810"},{"taxonomy":"product_tag","embeddable":true,"href":"https:\/\/equuscura.dk\/de\/wp-json\/wp\/v2\/product_tag?post=2810"}],"curies":[{"name":"wp","href":"https:\/\/api.w.org\/{rel}","templated":true}]}}