{"id":2702,"date":"2020-12-08T14:25:16","date_gmt":"2021-02-03T16:53:02","guid":{"rendered":"https:\/\/equuscura.dk\/?post_type=product&#038;p=2702"},"modified":"2021-05-24T14:53:01","modified_gmt":"2021-05-24T14:53:01","slug":"equus-cura-teddybaer","status":"publish","type":"product","link":"https:\/\/equuscura.dk\/de\/vare\/equus-cura-teddybaer\/","title":{"rendered":"Equus Cura Teddyb\u00e4r"},"content":{"rendered":"<h3>Equus Cura &#8211; Teddyb\u00e4r<\/h3>\n<p>S\u00fc\u00dfer kleiner Teddyb\u00e4r mit Equus Cura Logo und roten Kapuzenpullis. Das perfekte Show-Maskottchen oder f\u00fcr diejenigen, die Teddyb\u00e4ren lieben.<\/p>\n<p>Der Teddyb\u00e4r misst ca. 10 cm hoch und besteht aus einem weichen Material ohne Verwendung von Schadstoffen.<\/p>\n<p>&nbsp;<\/p>\n<p>Dieser kleine Teddyb\u00e4r wird sowohl gro\u00dfen als auch kleinen Freude bereiten. Jeder liebt Teddyb\u00e4ren, und wir haben wahrscheinlich alle einen gehabt, der einem viel bedeutet hat. Teddyb\u00e4ren sind das am h\u00e4ufigsten verwendete &#8222;Spielzeug&#8220; in ganz D\u00e4nemark, und es ist nicht so seltsam zu verstehen. Teddyb\u00e4ren sind gut zum Schlafen, leicht anzuziehen und k\u00f6nnen dann \u00fcberall mit einem sein. Dieser kleine B\u00e4r kann etwas Besonderes sein, da er nicht viel Platz einnimmt. Es ist daher das perfekte kleine Maskottchen in der Pflegetasche.<\/p>\n","protected":false},"excerpt":{"rendered":"<p>Kaufen Sie den s\u00fc\u00dfesten kleinen weichen Teddyb\u00e4r mit einem roten Hoodie und dem Equus Cura-Logo.<\/p>\n","protected":false},"featured_media":2168,"template":"","meta":[],"product_brand":[],"product_cat":[86],"product_tag":[],"class_list":{"0":"post-2702","1":"product","2":"type-product","3":"status-publish","4":"has-post-thumbnail","6":"product_cat-zubehor","8":"first","9":"instock","10":"sale","11":"taxable","12":"shipping-taxable","13":"purchasable","14":"product-type-simple"},"_links":{"self":[{"href":"https:\/\/equuscura.dk\/de\/wp-json\/wp\/v2\/product\/2702","targetHints":{"allow":["GET"]}}],"collection":[{"href":"https:\/\/equuscura.dk\/de\/wp-json\/wp\/v2\/product"}],"about":[{"href":"https:\/\/equuscura.dk\/de\/wp-json\/wp\/v2\/types\/product"}],"wp:featuredmedia":[{"embeddable":true,"href":"https:\/\/equuscura.dk\/de\/wp-json\/wp\/v2\/media\/2168"}],"wp:attachment":[{"href":"https:\/\/equuscura.dk\/de\/wp-json\/wp\/v2\/media?parent=2702"}],"wp:term":[{"taxonomy":"product_brand","embeddable":true,"href":"https:\/\/equuscura.dk\/de\/wp-json\/wp\/v2\/product_brand?post=2702"},{"taxonomy":"product_cat","embeddable":true,"href":"https:\/\/equuscura.dk\/de\/wp-json\/wp\/v2\/product_cat?post=2702"},{"taxonomy":"product_tag","embeddable":true,"href":"https:\/\/equuscura.dk\/de\/wp-json\/wp\/v2\/product_tag?post=2702"}],"curies":[{"name":"wp","href":"https:\/\/api.w.org\/{rel}","templated":true}]}}