{"id":2681,"date":"2020-12-14T19:26:30","date_gmt":"2021-02-03T16:49:43","guid":{"rendered":"https:\/\/equuscura.dk\/?post_type=product&#038;p=2681"},"modified":"2022-01-01T00:05:35","modified_gmt":"2022-01-01T00:05:35","slug":"geschenkkarte-equus-cura","status":"publish","type":"product","link":"https:\/\/equuscura.dk\/de\/vare\/geschenkkarte-equus-cura\/","title":{"rendered":"GESCHENKKARTE"},"content":{"rendered":"<h2>GESCHENKKARTE<\/h2>\n<p>Ein Geschenkkarte, das definitiv nicht umgetauscht werden muss. Schenken Sie jemandem, der Ihnen am Herzen liegt, einen Geschenkgutschein.<\/p>\n<p>Geschenkgutscheine werden Ihnen per E-Mail oder direkt an den Geschenkempf\u00e4nger zugesandt. Die Karte enth\u00e4lt einen Rabattcode f\u00fcr den gekauften Betrag, der unter www.equuscura.dk verwendet werden kann.<\/p>\n<p>&nbsp;<\/p>\n<p>Die Geschenkkarte ist ab Kaufdatum zwei Jahre lang g\u00fcltig. Der Betrag kann f\u00fcr einen Gesamtkauf verwendet werden oder auf mehrere verteilt werden, bis der gesamte Betrag aufgebraucht ist.<\/p>\n","protected":false},"excerpt":{"rendered":"<p>Ein Geschenk, das definitiv nicht umgetauscht werden muss. Schenken Sie jemandem, der Ihnen am Herzen liegt, einen Geschenkgutschein.<\/p>\n","protected":false},"featured_media":2212,"template":"","meta":[],"product_brand":[],"product_cat":[86],"product_tag":[],"class_list":{"0":"post-2681","1":"product","2":"type-product","3":"status-publish","4":"has-post-thumbnail","6":"product_cat-zubehor","8":"first","9":"instock","10":"taxable","11":"shipping-taxable","12":"purchasable","13":"product-type-variable"},"_links":{"self":[{"href":"https:\/\/equuscura.dk\/de\/wp-json\/wp\/v2\/product\/2681","targetHints":{"allow":["GET"]}}],"collection":[{"href":"https:\/\/equuscura.dk\/de\/wp-json\/wp\/v2\/product"}],"about":[{"href":"https:\/\/equuscura.dk\/de\/wp-json\/wp\/v2\/types\/product"}],"wp:featuredmedia":[{"embeddable":true,"href":"https:\/\/equuscura.dk\/de\/wp-json\/wp\/v2\/media\/2212"}],"wp:attachment":[{"href":"https:\/\/equuscura.dk\/de\/wp-json\/wp\/v2\/media?parent=2681"}],"wp:term":[{"taxonomy":"product_brand","embeddable":true,"href":"https:\/\/equuscura.dk\/de\/wp-json\/wp\/v2\/product_brand?post=2681"},{"taxonomy":"product_cat","embeddable":true,"href":"https:\/\/equuscura.dk\/de\/wp-json\/wp\/v2\/product_cat?post=2681"},{"taxonomy":"product_tag","embeddable":true,"href":"https:\/\/equuscura.dk\/de\/wp-json\/wp\/v2\/product_tag?post=2681"}],"curies":[{"name":"wp","href":"https:\/\/api.w.org\/{rel}","templated":true}]}}