{"id":2637,"date":"2021-01-31T12:10:52","date_gmt":"2021-01-31T19:35:09","guid":{"rendered":"https:\/\/equuscura.dk\/?post_type=product&#038;p=2637"},"modified":"2021-04-08T16:33:35","modified_gmt":"2021-04-08T16:33:35","slug":"medaillen-mit-logo","status":"publish","type":"product","link":"https:\/\/equuscura.dk\/de\/vare\/medaillen-mit-logo\/","title":{"rendered":"Medaillen mit Logo"},"content":{"rendered":"<h3>Medaillen mit Logo<\/h3>\n<p>Sch\u00f6ne Gold- und Silbermedaillen mit Logo. Die Medaillen sind mit Band und aus Metall.<\/p>\n<p>Goldmedaille mit rotem und wei\u00dfem Medaillenband<br \/>\nSilbermedaille mit blau-wei\u00dfem Medaillenband<\/p>\n<p>Die Medaillen sind \u00fcbersch\u00fcssige Medaillen aus unserer Winterfahrt. Die Medaillen k\u00f6nnen verwendet werden, um Ihren eigenen Ritt oder Wettkampf mit Ihren Pferdefreunden abzuhalten. Die Medaillen sind eine andere Variante als die traditionellen Rosetten.<\/p>\n","protected":false},"excerpt":{"rendered":"<ul>\n<li>Goldmedaille mit rotem und wei\u00dfem Band<\/li>\n<li>Silbermedaille mit blau-wei\u00dfem Band<\/li>\n<\/ul>\n","protected":false},"featured_media":3564,"template":"","meta":[],"product_brand":[],"product_cat":[86],"product_tag":[],"class_list":{"0":"post-2637","1":"product","2":"type-product","3":"status-publish","4":"has-post-thumbnail","6":"product_cat-zubehor","7":"pa_variant-guld","8":"pa_variant-soelv-medalje","10":"first","11":"instock","12":"taxable","13":"shipping-taxable","14":"purchasable","15":"product-type-variable"},"_links":{"self":[{"href":"https:\/\/equuscura.dk\/de\/wp-json\/wp\/v2\/product\/2637","targetHints":{"allow":["GET"]}}],"collection":[{"href":"https:\/\/equuscura.dk\/de\/wp-json\/wp\/v2\/product"}],"about":[{"href":"https:\/\/equuscura.dk\/de\/wp-json\/wp\/v2\/types\/product"}],"wp:featuredmedia":[{"embeddable":true,"href":"https:\/\/equuscura.dk\/de\/wp-json\/wp\/v2\/media\/3564"}],"wp:attachment":[{"href":"https:\/\/equuscura.dk\/de\/wp-json\/wp\/v2\/media?parent=2637"}],"wp:term":[{"taxonomy":"product_brand","embeddable":true,"href":"https:\/\/equuscura.dk\/de\/wp-json\/wp\/v2\/product_brand?post=2637"},{"taxonomy":"product_cat","embeddable":true,"href":"https:\/\/equuscura.dk\/de\/wp-json\/wp\/v2\/product_cat?post=2637"},{"taxonomy":"product_tag","embeddable":true,"href":"https:\/\/equuscura.dk\/de\/wp-json\/wp\/v2\/product_tag?post=2637"}],"curies":[{"name":"wp","href":"https:\/\/api.w.org\/{rel}","templated":true}]}}