{"id":2623,"date":"2021-01-31T16:07:50","date_gmt":"2021-01-31T16:07:50","guid":{"rendered":"https:\/\/equuscura.dk\/vare\/ojenskyl-til-hest-saltvand\/"},"modified":"2024-08-28T12:31:55","modified_gmt":"2024-08-28T12:31:55","slug":"salzspray-equus-cura","status":"publish","type":"product","link":"https:\/\/equuscura.dk\/de\/vare\/salzspray-equus-cura\/","title":{"rendered":"Salzspray &#8211; F\u00fcr Augenentz\u00fcndungen und Wundversorgung"},"content":{"rendered":"<h3>Salzspray &#8211; F\u00fcr Augenentz\u00fcndungen und Wundversorgung<\/h3>\n<p>Einzigartige und patentierte Technologie zum Waschen und Sp\u00fclen von Wunden, Augen, Ohren und Nase bei unseren Tieren. Animalhelpcare hat eine Verpackung f\u00fcr Salzwasser entwickelt, die dieses Produkt bis zum letzten Tropfen steril macht. Dadurch k\u00f6nnen Sie dieses Spray im Schrank haben und es bei Bedarf verwenden.<\/p>\n<p>Das Produkt ist besonders n\u00fctzlich zum Reinigen von Wunden, bevor z.B. WUND wird angewendet. Ist aber auch gut zur Linderung von Augenentz\u00fcndungen bei Pferden. Der feine Nieselregen des D\u00fcsenkopfes erm\u00f6glicht es Ihnen, das Pferd direkt in das Auge zu spr\u00fchen, ohne Schmerzen zu verursachen.<\/p>\n<p>Die ber\u00fchrungslose Verwendung ist ein gro\u00dfer Vorteil, da Sie das Risiko verringern, dem infizierten Bereich zus\u00e4tzliche Bakterien hinzuzuf\u00fcgen.<\/p>\n<p>&nbsp;<\/p>\n<p><strong>Wundreinigung:<\/strong><\/p>\n<p>Nehmen Sie den Deckel ab. Spr\u00fchen Sie zun\u00e4chst in der N\u00e4he des verletzten Bereichs. Richten Sie das Spray dann langsam in einem Abstand von ca. 10 cm zur Wunde auf den verletzten Bereich. Das Sp\u00fclen wird so lange wie n\u00f6tig fortgesetzt.<\/p>\n<p>Es wird empfohlen, den Deckel nach Gebrauch aufzutragen, um eine sterile Sp\u00fclumgebung aufrechtzuerhalten.<\/p>\n<p>Eine weitere D\u00fcse ist im Lieferumfang enthalten, die einen harten Strahl zum Reinigen von Wunden bereitstellt.<\/p>\n<p>&nbsp;<\/p>\n<p><strong>Fremdk\u00f6rper im Auge oder Augenentz\u00fcndung:<\/strong><\/p>\n<p>Bei Fremdk\u00f6rpern im Auge ist es wichtig, das Auge auszusp\u00fclen. Vermeiden Sie es, das Auge zu reiben oder zu ber\u00fchren, da die Gefahr besteht, dass die Hornhaut zerkratzt wird.<\/p>\n<p>Entfernen Sie zun\u00e4chst den Deckel. Das Sp\u00fclen wird durch Spr\u00fchen entlang des Rachens in der N\u00e4he des Auges gestartet. Dadurch gew\u00f6hnt sich das Tier allm\u00e4hlich an die Sp\u00fclfl\u00fcssigkeit. Richten Sie die Spr\u00fchfl\u00fcssigkeit dann langsam in einem Abstand von ca. 10 cm zum Auge auf das Auge. Das Sp\u00fclen wird so lange wie n\u00f6tig fortgesetzt. Bei anhaltender Reizung wenden Sie sich an Ihren Tierarzt.<\/p>\n<p><iframe loading=\"lazy\" title=\"\u00d8JENSKYL til heste og sm\u00e5dyr\" width=\"1020\" height=\"574\" src=\"https:\/\/www.youtube.com\/embed\/-3Ev4R6KS24?feature=oembed&#038;enablejsapi=1&#038;origin=https:\/\/equuscura.dk\" frameborder=\"0\" allow=\"accelerometer; autoplay; clipboard-write; encrypted-media; gyroscope; picture-in-picture\" allowfullscreen><\/iframe><\/p>\n","protected":false},"excerpt":{"rendered":"<p>&nbsp;<\/p>\n<ul>\n<li>Ideal zum Reinigen vor dem Auftragen von WOUND<\/li>\n<li>Sterile Kochsalzl\u00f6sung von Anfang bis Ende<\/li>\n<li>Produziert in D\u00e4nemark<\/li>\n<li>250 ml.<\/li>\n<\/ul>\n","protected":false},"featured_media":3639,"template":"","meta":[],"product_brand":[],"product_cat":[29],"product_tag":[],"class_list":{"0":"post-2623","1":"product","2":"type-product","3":"status-publish","4":"has-post-thumbnail","6":"product_cat-produkte","8":"first","9":"outofstock","10":"taxable","11":"shipping-taxable","12":"purchasable","13":"product-type-simple"},"_links":{"self":[{"href":"https:\/\/equuscura.dk\/de\/wp-json\/wp\/v2\/product\/2623","targetHints":{"allow":["GET"]}}],"collection":[{"href":"https:\/\/equuscura.dk\/de\/wp-json\/wp\/v2\/product"}],"about":[{"href":"https:\/\/equuscura.dk\/de\/wp-json\/wp\/v2\/types\/product"}],"wp:featuredmedia":[{"embeddable":true,"href":"https:\/\/equuscura.dk\/de\/wp-json\/wp\/v2\/media\/3639"}],"wp:attachment":[{"href":"https:\/\/equuscura.dk\/de\/wp-json\/wp\/v2\/media?parent=2623"}],"wp:term":[{"taxonomy":"product_brand","embeddable":true,"href":"https:\/\/equuscura.dk\/de\/wp-json\/wp\/v2\/product_brand?post=2623"},{"taxonomy":"product_cat","embeddable":true,"href":"https:\/\/equuscura.dk\/de\/wp-json\/wp\/v2\/product_cat?post=2623"},{"taxonomy":"product_tag","embeddable":true,"href":"https:\/\/equuscura.dk\/de\/wp-json\/wp\/v2\/product_tag?post=2623"}],"curies":[{"name":"wp","href":"https:\/\/api.w.org\/{rel}","templated":true}]}}