{"id":631,"date":"2020-08-24T22:46:24","date_gmt":"2020-08-24T22:46:24","guid":{"rendered":"https:\/\/equuscura.dk\/?page_id=631"},"modified":"2021-04-27T19:54:15","modified_gmt":"2021-04-27T19:54:15","slug":"b2b-anmeldung","status":"publish","type":"page","link":"https:\/\/equuscura.dk\/de\/b2b-anmeldung\/","title":{"rendered":"B2B Anmeldung"},"content":{"rendered":"\n<h1>Bewerben Sie sich f\u00fcr B2B Login<\/h1>\n<p>Wir sind immer auf der Suche nach neuen guten Partnern auf der ganzen Welt. M\u00f6chten Sie mehr \u00fcber unsere Produkte und unser Unternehmen erfahren und erfahren, welche M\u00f6glichkeiten Sie als Einzelh\u00e4ndler erhalten k\u00f6nnen? Dann senden Sie uns eine E-Mail an: info@equuscura.dk, und wir werden uns so schnell wie m\u00f6glich bei Ihnen melden.<\/p>\n<div class=\"frm_forms  with_frm_style frm_style_formidable-styling\" id=\"frm_form_9_container\" >\n<form enctype=\"multipart\/form-data\" method=\"post\" class=\"frm-show-form  frm_ajax_submit  frm_pro_form \" id=\"form_b2b-apply3801032c28\" >\n<div class=\"frm_form_fields \">\n<fieldset>\n<legend class=\"frm_hidden\">B2B Anwenden<\/legend>\r\n\r\n<div class=\"frm_fields_container\">\n<input type=\"hidden\" name=\"frm_action\" value=\"create\" \/>\n<input type=\"hidden\" name=\"form_id\" value=\"9\" \/>\n<input type=\"hidden\" name=\"frm_hide_fields_9\" id=\"frm_hide_fields_9\" value=\"\" \/>\n<input type=\"hidden\" name=\"form_key\" value=\"b2b-apply3801032c28\" \/>\n<input type=\"hidden\" name=\"item_meta[0]\" value=\"\" \/>\n<input type=\"hidden\" id=\"frm_submit_entry_9\" name=\"frm_submit_entry_9\" value=\"59db5d3bb9\" \/><input type=\"hidden\" name=\"_wp_http_referer\" value=\"\/de\/wp-json\/wp\/v2\/pages\/631\" \/><div id=\"frm_field_38_container\" class=\"frm_form_field form-field  frm_required_field frm_top_container frm_full\">\r\n    <label for=\"field_o69jd4884f65ddd8708992b1a\" class=\"frm_primary_label\">Your name\r\n        <span class=\"frm_required\">*<\/span>\r\n    <\/label>\r\n    <input type=\"text\" id=\"field_o69jd4884f65ddd8708992b1a\" name=\"item_meta[38]\" value=\"\"  data-reqmsg=\"Dette felt skal udfyldes.\" aria-required=\"true\" data-invmsg=\"Name er ugyldig\" aria-invalid=\"false\"  \/>\r\n    \r\n    \r\n<\/div>\n<div id=\"frm_field_39_container\" class=\"frm_form_field form-field  frm_required_field frm_top_container\">\r\n    <label for=\"field_9fiojde391c24beb0667323df\" id=\"field_9fiojde391c24beb0667323df_label\" class=\"frm_primary_label\">Business name\r\n        <span class=\"frm_required\">*<\/span>\r\n    <\/label>\r\n    <input type=\"text\" id=\"field_9fiojde391c24beb0667323df\" name=\"item_meta[39]\" value=\"\"  data-reqmsg=\"Dette felt skal udfyldes.\" aria-required=\"true\" data-invmsg=\"Tekst er ugyldig\" aria-invalid=\"false\"  \/>\r\n    \r\n    \r\n<\/div>\n<div id=\"frm_field_40_container\" class=\"frm_form_field form-field  frm_required_field frm_top_container\">\r\n    <label for=\"field_ykywh9d63718e5588dfbb651f\" id=\"field_ykywh9d63718e5588dfbb651f_label\" class=\"frm_primary_label\">VAT number\r\n        <span class=\"frm_required\">*<\/span>\r\n    <\/label>\r\n    <input type=\"number\" id=\"field_ykywh9d63718e5588dfbb651f\" name=\"item_meta[40]\" value=\"\"  data-reqmsg=\"Dette felt skal udfyldes.\" aria-required=\"true\" data-invmsg=\"Nummer er ugyldig\" aria-invalid=\"false\"   min=\"0\" max=\"9999999\" step=\"any\"\/>\r\n    \r\n    \r\n<\/div>\n<div id=\"frm_field_41_container\" class=\"frm_form_field form-field  frm_required_field frm_top_container frm_first frm_half\">\r\n    <label for=\"field_qulq1cbf632e4e84d9c6797c4\" class=\"frm_primary_label\">Email\r\n        <span class=\"frm_required\">*<\/span>\r\n    <\/label>\r\n    <input type=\"email\" id=\"field_qulq1cbf632e4e84d9c6797c4\" name=\"item_meta[41]\" value=\"\"  data-reqmsg=\"Dette felt skal udfyldes.\" aria-required=\"true\" data-invmsg=\"Email Address er ugyldig\" aria-invalid=\"false\"   aria-describedby=\"frm_desc_field_qulq1cbf632e4e84d9c6797c4\"\/>\r\n    <div id=\"frm_desc_field_qulq1cbf632e4e84d9c6797c4\" class=\"frm_description\">Enter Email<\/div>\r\n    \r\n<\/div>\n<div id=\"frm_field_conf_41_container\" class=\"frm_form_field frm_hidden_container frm_conf_field form-field  frm_required_field frm_top_container  frm_half\">\r\n    <label for=\"field_conf_qulq1cbf632e4e84d9c6797c4\" class=\"frm_conf_label frm_primary_label\">Best\u00e4tigen Email\r\n        <span class=\"frm_required\">*<\/span>\r\n    <\/label>\r\n    <input type=\"email\" id=\"field_conf_qulq1cbf632e4e84d9c6797c4\" name=\"item_meta[conf_41]\" value=\"\"  data-reqmsg=\"Dette felt skal udfyldes.\" aria-required=\"true\" data-confmsg=\"Det indtastede er forskelligt\" data-invmsg=\"Email Address er ugyldig\" aria-invalid=\"false\"   aria-describedby=\"frm_desc_field_conf_qulq1cbf632e4e84d9c6797c4\"\/>\r\n    <div id=\"frm_desc_field_conf_qulq1cbf632e4e84d9c6797c4\" class=\"frm_description\">Confirm Email<\/div>\r\n    \r\n<\/div>\n<div id=\"frm_field_42_container\" class=\"frm_form_field form-field  frm_top_container frm_full\">\r\n    <label for=\"field_iwzjsd92c79c34f5026a65a74\" class=\"frm_primary_label\">Website\r\n        <span class=\"frm_required\"><\/span>\r\n    <\/label>\r\n    <input type=\"url\" id=\"field_iwzjsd92c79c34f5026a65a74\" name=\"item_meta[42]\" value=\"\"  data-invmsg=\"Website er ugyldig\" aria-invalid=\"false\"  \/>\r\n    \r\n    \r\n<\/div>\n<div id=\"frm_field_43_container\" class=\"frm_form_field form-field  frm_required_field frm_top_container frm_full\">\r\n    <label for=\"field_xyrs9617936f9d16cb44034a2\" class=\"frm_primary_label\">Username\r\n        <span class=\"frm_required\">*<\/span>\r\n    <\/label>\r\n    <input type=\"text\" id=\"field_xyrs9617936f9d16cb44034a2\" name=\"item_meta[43]\" value=\"\"  maxlength=\"24\" data-reqmsg=\"Dette felt skal udfyldes.\" aria-required=\"true\" data-invmsg=\"Username er ugyldig\" aria-invalid=\"false\" pattern=\"([a-zA-Z0-9]{8,24})$\"   aria-describedby=\"frm_desc_field_xyrs9617936f9d16cb44034a2\"\/>\r\n    <div id=\"frm_desc_field_xyrs9617936f9d16cb44034a2\" class=\"frm_description\">Only lower case letters (a-z) and numbers (0-9) are allowed.<\/div>\r\n    \r\n<\/div>\n<div id=\"frm_field_44_container\" class=\"frm_form_field form-field  frm_required_field frm_top_container frm_first frm_half\">\r\n    <label for=\"field_1abwj680d7fc546e75b6531e6\" class=\"frm_primary_label\">Password\r\n        <span class=\"frm_required\">*<\/span>\r\n    <\/label>\r\n    <input type=\"password\" id=\"field_1abwj680d7fc546e75b6531e6\" name=\"item_meta[44]\" value=\"\"  data-reqmsg=\"Dette felt skal udfyldes.\" aria-required=\"true\" data-invmsg=\"Password er ugyldig\" aria-invalid=\"false\"   aria-describedby=\"frm_desc_field_1abwj680d7fc546e75b6531e6\"\/>\r\n    <div id=\"frm_desc_field_1abwj680d7fc546e75b6531e6\" class=\"frm_description\">Enter Password<\/div>\r\n    \r\n<\/div>\n<div id=\"frm_field_conf_44_container\" class=\"frm_form_field frm_hidden_container frm_conf_field form-field  frm_required_field frm_top_container  frm_half\">\r\n    <label for=\"field_conf_1abwj680d7fc546e75b6531e6\" class=\"frm_conf_label frm_primary_label\">Best\u00e4tigen Password\r\n        <span class=\"frm_required\">*<\/span>\r\n    <\/label>\r\n    <input type=\"password\" id=\"field_conf_1abwj680d7fc546e75b6531e6\" name=\"item_meta[conf_44]\" value=\"\"  data-reqmsg=\"Dette felt skal udfyldes.\" aria-required=\"true\" data-confmsg=\"Det indtastede er forskelligt\" data-invmsg=\"Password er ugyldig\" aria-invalid=\"false\"   aria-describedby=\"frm_desc_field_conf_1abwj680d7fc546e75b6531e6\"\/>\r\n    <div id=\"frm_desc_field_conf_1abwj680d7fc546e75b6531e6\" class=\"frm_description\">Confirm Password<\/div>\r\n    \r\n<\/div>\n<input type=\"hidden\" name=\"item_meta[45]\" id=\"field_zah2ue07911549\" value=\"\" data-frmval=\"\"\/>\n\t<input type=\"hidden\" name=\"item_key\" value=\"\" \/>\n\t\t\t<div id=\"frm_field_47_container\">\n\t\t\t<label for=\"field_32vw9\" >\n\t\t\t\tFalls Du menschlich bist, lasse dieses Feld leer.\t\t\t<\/label>\n\t\t\t<input  id=\"field_32vw9\" type=\"text\" class=\"frm_form_field form-field frm_verify\" name=\"item_meta[47]\" value=\"\"  \/>\n\t\t<\/div>\n\t\t<input type=\"hidden\" name=\"frm_register[email]\" value=\"41\"\/>\n<input type=\"hidden\" name=\"frm_register[username]\" value=\"43\"\/>\n<input type=\"hidden\" name=\"frm_register[password]\" value=\"44\"\/>\n<input type=\"hidden\" name=\"frm_register[subsite_title]\" value=\"username\"\/>\n<input type=\"hidden\" name=\"frm_register[subsite_domain]\" value=\"blog_title\"\/>\n<input name=\"frm_state\" type=\"hidden\" value=\"V1yc1babNBS3K5R9TQcK1eYja71cIuS1K6bVqiGopyuVOVSLo4FCH4HrWe3jAiVT\" \/><div class=\"frm_submit\">\r\n\r\n<button class=\"frm_button_submit frm_final_submit\" type=\"submit\"   formnovalidate=\"formnovalidate\">Apply now<\/button>\r\n\r\n<\/div><\/div>\n<\/fieldset>\n<\/div>\n\n<\/form>\n<\/div>\n\n\n","protected":false},"excerpt":{"rendered":"","protected":false},"author":7,"featured_media":0,"parent":0,"menu_order":0,"comment_status":"closed","ping_status":"closed","template":"","meta":{"footnotes":""},"class_list":["post-631","page","type-page","status-publish","hentry"],"_links":{"self":[{"href":"https:\/\/equuscura.dk\/de\/wp-json\/wp\/v2\/pages\/631","targetHints":{"allow":["GET"]}}],"collection":[{"href":"https:\/\/equuscura.dk\/de\/wp-json\/wp\/v2\/pages"}],"about":[{"href":"https:\/\/equuscura.dk\/de\/wp-json\/wp\/v2\/types\/page"}],"author":[{"embeddable":true,"href":"https:\/\/equuscura.dk\/de\/wp-json\/wp\/v2\/users\/7"}],"replies":[{"embeddable":true,"href":"https:\/\/equuscura.dk\/de\/wp-json\/wp\/v2\/comments?post=631"}],"version-history":[{"count":0,"href":"https:\/\/equuscura.dk\/de\/wp-json\/wp\/v2\/pages\/631\/revisions"}],"wp:attachment":[{"href":"https:\/\/equuscura.dk\/de\/wp-json\/wp\/v2\/media?parent=631"}],"curies":[{"name":"wp","href":"https:\/\/api.w.org\/{rel}","templated":true}]}}